{"id":93,"date":"2024-02-16T09:47:19","date_gmt":"2024-02-16T09:47:19","guid":{"rendered":"https:\/\/boxify.mx\/?page_id=93"},"modified":"2024-03-22T18:27:36","modified_gmt":"2024-03-22T18:27:36","slug":"productos","status":"publish","type":"page","link":"https:\/\/boxify.mx\/?page_id=93","title":{"rendered":"Productos"},"content":{"rendered":"\t\t<div data-elementor-type=\"wp-page\" data-elementor-id=\"93\" class=\"elementor elementor-93\" data-elementor-post-type=\"page\">\n\t\t\t\t<div class=\"elementor-element elementor-element-460adc40 e-flex e-con-boxed e-con e-parent\" data-id=\"460adc40\" data-element_type=\"container\" data-e-type=\"container\">\n\t\t\t\t\t<div class=\"e-con-inner\">\n\t\t<div class=\"elementor-element elementor-element-7f0a5827 e-con-full e-flex e-con e-child\" data-id=\"7f0a5827\" data-element_type=\"container\" data-e-type=\"container\">\n\t\t\t\t<div class=\"elementor-element elementor-element-50d28e3d elementor-invisible elementor-widget elementor-widget-heading\" data-id=\"50d28e3d\" data-element_type=\"widget\" data-e-type=\"widget\" data-settings=\"{&quot;_animation&quot;:&quot;fadeInUp&quot;}\" data-widget_type=\"heading.default\">\n\t\t\t\t<div class=\"elementor-widget-container\">\n\t\t\t\t\t<h1 class=\"elementor-heading-title elementor-size-default\">Ofrecemos varios tipos de empaques y embalajes<\/h1>\t\t\t\t<\/div>\n\t\t\t\t<\/div>\n\t\t\t\t<\/div>\n\t\t<div class=\"elementor-element elementor-element-756d71a4 e-con-full e-flex e-con e-child\" data-id=\"756d71a4\" data-element_type=\"container\" data-e-type=\"container\">\n\t\t\t\t<div class=\"elementor-element elementor-element-2fbb316d elementor-widget elementor-widget-image\" data-id=\"2fbb316d\" data-element_type=\"widget\" data-e-type=\"widget\" data-widget_type=\"image.default\">\n\t\t\t\t<div class=\"elementor-widget-container\">\n\t\t\t\t\t\t\t\t\t\t\t\t\t\t\t<img fetchpriority=\"high\" decoding=\"async\" width=\"1024\" height=\"768\" src=\"https:\/\/boxify.mx\/wp-content\/uploads\/2024\/03\/WhatsApp-Image-2024-02-20-at-16.48.58.jpeg\" class=\"attachment-full size-full wp-image-410\" alt=\"\" srcset=\"https:\/\/boxify.mx\/wp-content\/uploads\/2024\/03\/WhatsApp-Image-2024-02-20-at-16.48.58.jpeg 1024w, https:\/\/boxify.mx\/wp-content\/uploads\/2024\/03\/WhatsApp-Image-2024-02-20-at-16.48.58-300x225.jpeg 300w, https:\/\/boxify.mx\/wp-content\/uploads\/2024\/03\/WhatsApp-Image-2024-02-20-at-16.48.58-768x576.jpeg 768w\" sizes=\"(max-width: 1024px) 100vw, 1024px\" \/>\t\t\t\t\t\t\t\t\t\t\t\t\t\t\t<\/div>\n\t\t\t\t<\/div>\n\t\t\t\t<\/div>\n\t\t\t\t\t<\/div>\n\t\t\t\t<\/div>\n\t\t<div class=\"elementor-element elementor-element-ea17246 e-flex e-con-boxed e-con e-parent\" data-id=\"ea17246\" data-element_type=\"container\" data-e-type=\"container\">\n\t\t\t\t\t<div class=\"e-con-inner\">\n\t\t\t\t<div class=\"elementor-element elementor-element-b63398b elementor-widget elementor-widget-slider_revolution\" data-id=\"b63398b\" data-element_type=\"widget\" data-e-type=\"widget\" data-widget_type=\"slider_revolution.default\">\n\t\t\t\t<div class=\"elementor-widget-container\">\n\t\t\t\t\t\n\t\t<div class=\"wp-block-themepunch-revslider\">\n\t\t\t<!-- START Productos_pagproduct REVOLUTION SLIDER 6.6.20 --><p class=\"rs-p-wp-fix\"><\/p>\n\t\t\t<rs-module-wrap id=\"rev_slider_5_1_wrapper\" data-source=\"gallery\" style=\"visibility:hidden;background:transparent;padding:0;margin:0px auto;margin-top:0;margin-bottom:0;\">\n\t\t\t\t<rs-module id=\"rev_slider_5_1\" style=\"\" data-version=\"6.6.20\">\n\t\t\t\t\t<rs-slides style=\"overflow: hidden; position: absolute;\">\n\t\t\t\t\t\t<rs-slide style=\"position: absolute;\" data-key=\"rs-12\" data-title=\"Slide\" data-in=\"o:1;\" data-out=\"x:(-100%);\">\n\t\t\t\t\t\t\t<img decoding=\"async\" src=\"\/\/boxify.mx\/wp-content\/plugins\/revslider\/public\/assets\/assets\/dummy.png\" alt=\"Slide\" title=\"Productos\" class=\"rev-slidebg tp-rs-img rs-lazyload\" data-lazyload=\"\/\/boxify.mx\/wp-content\/plugins\/revslider\/public\/assets\/assets\/transparent.png\" data-bg=\"c:#ffffff;\" data-parallax=\"off\" data-no-retina>\n<!--\n\t\t\t\t\t\t\t--><rs-layer\n\t\t\t\t\t\t\t\tid=\"slider-5-slide-12-layer-0\" \n\t\t\t\t\t\t\t\tdata-type=\"text\"\n\t\t\t\t\t\t\t\tdata-color=\"#000000\"\n\t\t\t\t\t\t\t\tdata-rsp_ch=\"on\"\n\t\t\t\t\t\t\t\tdata-xy=\"x:l,l,l,c;xo:662px,570px,496px,0;y:m;yo:0,0,0,190px;\"\n\t\t\t\t\t\t\t\tdata-text=\"w:normal;s:20,16,12,11;l:25,20,15,13;\"\n\t\t\t\t\t\t\t\tdata-frame_0=\"x:left;o:1;\"\n\t\t\t\t\t\t\t\tdata-frame_1=\"st:2010;sp:630;sR:2010;\"\n\t\t\t\t\t\t\t\tdata-frame_999=\"o:0;st:w;sR:6360;\"\n\t\t\t\t\t\t\t\tstyle=\"z-index:11;font-family:'Arial', 'Helvetica', 'sans-serif';\"\n\t\t\t\t\t\t\t>Una caja est\u00e1ndar con ranuras es un tipo de <br>envase que presenta cortes en sus paredes, <br>lo que simplifica tanto su armado como desarmado. <br>Estas ranuras posibilitan que las leng\u00fcetas de la <br>caja encajen entre s\u00ed, garantizando as\u00ed su <br>estabilidad estructural. <br>Adem\u00e1s, estas cajas suelen ser reciclables,<br> lo que las convierte en una opci\u00f3n amigable <br>con el medio ambiente en el \u00e1mbito de los embalajes \n\t\t\t\t\t\t\t<\/rs-layer><!--\n\n\t\t\t\t\t\t\t--><rs-layer\n\t\t\t\t\t\t\t\tid=\"slider-5-slide-12-layer-3\" \n\t\t\t\t\t\t\t\tdata-type=\"text\"\n\t\t\t\t\t\t\t\tdata-color=\"#009933\"\n\t\t\t\t\t\t\t\tdata-rsp_ch=\"on\"\n\t\t\t\t\t\t\t\tdata-xy=\"x:l,l,c,c;xo:3px,3px,-252px,0;y:t,t,m,t;yo:331px,331px,-30px,103px;\"\n\t\t\t\t\t\t\t\tdata-text=\"s:50,40,40,50;l:22;fw:700;a:inherit;\"\n\t\t\t\t\t\t\t\tdata-frame_0=\"x:left;o:1;\"\n\t\t\t\t\t\t\t\tdata-frame_1=\"st:1870;sp:690;sR:1870;\"\n\t\t\t\t\t\t\t\tdata-frame_999=\"o:0;st:w;sR:6440;\"\n\t\t\t\t\t\t\t\tstyle=\"z-index:8;font-family:'Poppins';\"\n\t\t\t\t\t\t\t>Caja regular \n\t\t\t\t\t\t\t<\/rs-layer><!--\n\n\t\t\t\t\t\t\t--><rs-layer\n\t\t\t\t\t\t\t\tid=\"slider-5-slide-12-layer-4\" \n\t\t\t\t\t\t\t\tdata-type=\"text\"\n\t\t\t\t\t\t\t\tdata-rsp_ch=\"on\"\n\t\t\t\t\t\t\t\tdata-xy=\"x:l,l,c,c;xo:1px,1px,-268px,0;y:t,t,m,t;yo:368px,368px,26px,146px;\"\n\t\t\t\t\t\t\t\tdata-text=\"s:50,40,40,50;l:22;fw:700;a:inherit;\"\n\t\t\t\t\t\t\t\tdata-padding=\"t:20;r:20;b:20;l:5;\"\n\t\t\t\t\t\t\t\tdata-frame_0=\"x:left;o:1;\"\n\t\t\t\t\t\t\t\tdata-frame_1=\"st:2010;sp:630;sR:2010;\"\n\t\t\t\t\t\t\t\tdata-frame_999=\"o:0;st:w;sR:6360;\"\n\t\t\t\t\t\t\t\tstyle=\"z-index:10;background-color:#009933;font-family:'Poppins';\"\n\t\t\t\t\t\t\t>ranurada \n\t\t\t\t\t\t\t<\/rs-layer><!--\n\n\t\t\t\t\t\t\t--><a\n\t\t\t\t\t\t\t\tid=\"slider-5-slide-12-layer-8\" \n\t\t\t\t\t\t\t\tclass=\"rs-layer rev-btn\"\n\t\t\t\t\t\t\t\thref=\"https:\/\/boxify-mx.preview-domain.com\/?page_id=226\" target=\"_self\"\n\t\t\t\t\t\t\t\tdata-type=\"button\"\n\t\t\t\t\t\t\t\tdata-xy=\"x:l,l,c,c;xo:2px,2px,-308px,0;yo:444px,444px,450px,219px;\"\n\t\t\t\t\t\t\t\tdata-text=\"s:18,18,12,12;l:14;fw:700;a:inherit;\"\n\t\t\t\t\t\t\t\tdata-rsp_bd=\"off\"\n\t\t\t\t\t\t\t\tdata-padding=\"t:10;r:30;b:10;l:30;\"\n\t\t\t\t\t\t\t\tdata-border=\"bos:solid;boc:#009933;bow:3,3,3,3;bor:20px,20px,20px,20px;\"\n\t\t\t\t\t\t\t\tdata-frame_0=\"x:left;o:1;\"\n\t\t\t\t\t\t\t\tdata-frame_1=\"st:2150;sp:550;sR:2150;\"\n\t\t\t\t\t\t\t\tdata-frame_999=\"o:0;st:w;sR:6300;\"\n\t\t\t\t\t\t\t\tdata-frame_hover=\"c:#fff;bgc:#000;boc:#000;bor:0px,0px,0px,0px;bos:solid;bow:3,3,3,3;oX:50;oY:50;sp:0;e:none;\"\n\t\t\t\t\t\t\t\tstyle=\"z-index:9;background-color:#009933;font-family:'Arial', 'Helvetica', 'sans-serif';cursor:pointer;outline:none;box-shadow:none;box-sizing:border-box;-moz-box-sizing:border-box;-webkit-box-sizing:border-box;\"\n\t\t\t\t\t\t\t>Contactanos \n\t\t\t\t\t\t\t<\/a><!--\n\n\t\t\t\t\t\t\t--><rs-layer\n\t\t\t\t\t\t\t\tid=\"slider-5-slide-12-layer-14\" \n\t\t\t\t\t\t\t\tdata-type=\"image\"\n\t\t\t\t\t\t\t\tdata-rsp_ch=\"on\"\n\t\t\t\t\t\t\t\tdata-xy=\"x:c;xo:-164px,-137px,-30px,5px;y:m;\"\n\t\t\t\t\t\t\t\tdata-text=\"l:22;a:inherit;\"\n\t\t\t\t\t\t\t\tdata-dim=\"w:350px,350px,280px,280px;h:291px,291px,232px,232px;\"\n\t\t\t\t\t\t\t\tdata-frame_0=\"y:bottom;o:1;rX:-20deg;rY:-20deg;\"\n\t\t\t\t\t\t\t\tdata-frame_1=\"e:power3.out;st:920;sp:1500;sR:920;\"\n\t\t\t\t\t\t\t\tdata-frame_999=\"o:0;st:w;sR:6580;\"\n\t\t\t\t\t\t\t\tstyle=\"z-index:7;\"\n\t\t\t\t\t\t\t><img decoding=\"async\" src=\"\/\/boxify.mx\/wp-content\/plugins\/revslider\/public\/assets\/assets\/dummy.png\" alt=\"\" class=\"tp-rs-img rs-lazyload\" width=\"512\" height=\"425\" data-lazyload=\"\/\/boxify.mx\/wp-content\/uploads\/2024\/02\/1-removebg-preview.png\" data-no-retina> \n\t\t\t\t\t\t\t<\/rs-layer><!--\n\n\t\t\t\t\t\t\t--><rs-layer\n\t\t\t\t\t\t\t\tid=\"slider-5-slide-12-layer-15\" \n\t\t\t\t\t\t\t\tdata-type=\"image\"\n\t\t\t\t\t\t\t\tdata-rsp_ch=\"on\"\n\t\t\t\t\t\t\t\tdata-xy=\"x:c;xo:290px,255px,244px,0;y:m;yo:0,0,0,192px;\"\n\t\t\t\t\t\t\t\tdata-text=\"l:22;a:inherit;\"\n\t\t\t\t\t\t\t\tdata-dim=\"w:640px,534px,338px,338px;h:373px,311px,197px,197px;\"\n\t\t\t\t\t\t\t\tdata-frame_0=\"sX:0.9;sY:0.9;\"\n\t\t\t\t\t\t\t\tdata-frame_1=\"e:power2.out;st:460;sp:1000;sR:460;\"\n\t\t\t\t\t\t\t\tdata-frame_999=\"o:0;st:w;sR:7540;\"\n\t\t\t\t\t\t\t\tdata-loop_0=\"xR:10;yR:10;oX:50;oY:50;\"\n\t\t\t\t\t\t\t\tdata-loop_999=\"xR:10;yR:10;crd:t;sp:2000;yys:t;yyf:t;\"\n\t\t\t\t\t\t\t\tstyle=\"z-index:6;\"\n\t\t\t\t\t\t\t><img decoding=\"async\" src=\"\/\/boxify.mx\/wp-content\/plugins\/revslider\/public\/assets\/assets\/dummy.png\" alt=\"\" class=\"tp-rs-img rs-lazyload\" width=\"359\" height=\"209\" data-lazyload=\"\/\/boxify.mx\/wp-content\/uploads\/2024\/02\/cuadro.png\" data-no-retina> \n\t\t\t\t\t\t\t<\/rs-layer><!--\n-->\t\t\t\t\t\t<\/rs-slide>\n\t\t\t\t\t\t<rs-slide style=\"position: absolute;\" data-key=\"rs-14\" data-title=\"Slide\" data-in=\"o:1;\" data-out=\"x:(-100%);\">\n\t\t\t\t\t\t\t<img decoding=\"async\" src=\"\/\/boxify.mx\/wp-content\/plugins\/revslider\/public\/assets\/assets\/dummy.png\" alt=\"Slide\" title=\"Productos\" class=\"rev-slidebg tp-rs-img rs-lazyload\" data-lazyload=\"\/\/boxify.mx\/wp-content\/plugins\/revslider\/public\/assets\/assets\/transparent.png\" data-bg=\"c:#ffffff;\" data-parallax=\"off\" data-no-retina>\n<!--\n\t\t\t\t\t\t\t--><rs-layer\n\t\t\t\t\t\t\t\tid=\"slider-5-slide-14-layer-0\" \n\t\t\t\t\t\t\t\tdata-type=\"text\"\n\t\t\t\t\t\t\t\tdata-color=\"#000000\"\n\t\t\t\t\t\t\t\tdata-rsp_ch=\"on\"\n\t\t\t\t\t\t\t\tdata-xy=\"x:l,l,l,c;xo:662px,570px,503px,0;y:m;yo:0,0,0,190px;\"\n\t\t\t\t\t\t\t\tdata-text=\"w:normal;s:20,16,12,11;l:25,20,15,13;\"\n\t\t\t\t\t\t\t\tdata-frame_0=\"x:left;o:1;\"\n\t\t\t\t\t\t\t\tdata-frame_1=\"st:2010;sp:630;sR:2010;\"\n\t\t\t\t\t\t\t\tdata-frame_999=\"o:0;st:w;sR:6360;\"\n\t\t\t\t\t\t\t\tstyle=\"z-index:11;font-family:'Arial', 'Helvetica', 'sans-serif';\"\n\t\t\t\t\t\t\t>El troquelado consiste en emplear un troquel, <br>el cual corta y marca el cart\u00f3n siguiendo un dise\u00f1o<br> predeterminado en formas espec\u00edficas. <br>Este proceso posibilita la creaci\u00f3n eficiente y <br>precisa de cajas con formas,<br> tama\u00f1os y dise\u00f1os personalizados. \n\t\t\t\t\t\t\t<\/rs-layer><!--\n\n\t\t\t\t\t\t\t--><rs-layer\n\t\t\t\t\t\t\t\tid=\"slider-5-slide-14-layer-3\" \n\t\t\t\t\t\t\t\tdata-type=\"text\"\n\t\t\t\t\t\t\t\tdata-color=\"#009933\"\n\t\t\t\t\t\t\t\tdata-rsp_ch=\"on\"\n\t\t\t\t\t\t\t\tdata-xy=\"x:l,l,c,c;xo:3px,3px,-273px,0;y:t,t,m,t;yo:331px,331px,-30px,103px;\"\n\t\t\t\t\t\t\t\tdata-text=\"s:50,40,37,50;l:22;fw:700;a:inherit;\"\n\t\t\t\t\t\t\t\tdata-frame_0=\"x:left;o:1;\"\n\t\t\t\t\t\t\t\tdata-frame_1=\"st:1870;sp:690;sR:1870;\"\n\t\t\t\t\t\t\t\tdata-frame_999=\"o:0;st:w;sR:6440;\"\n\t\t\t\t\t\t\t\tstyle=\"z-index:8;font-family:'Poppins';\"\n\t\t\t\t\t\t\t>Caja  \n\t\t\t\t\t\t\t<\/rs-layer><!--\n\n\t\t\t\t\t\t\t--><rs-layer\n\t\t\t\t\t\t\t\tid=\"slider-5-slide-14-layer-4\" \n\t\t\t\t\t\t\t\tdata-type=\"text\"\n\t\t\t\t\t\t\t\tdata-rsp_ch=\"on\"\n\t\t\t\t\t\t\t\tdata-xy=\"x:l,l,c,c;xo:1px,1px,-284px,0;y:t,t,m,t;yo:368px,368px,26px,146px;\"\n\t\t\t\t\t\t\t\tdata-text=\"s:50,31,30,50;l:22;fw:700;a:inherit;\"\n\t\t\t\t\t\t\t\tdata-padding=\"t:20;r:20;b:20;l:5;\"\n\t\t\t\t\t\t\t\tdata-frame_0=\"x:left;o:1;\"\n\t\t\t\t\t\t\t\tdata-frame_1=\"st:2010;sp:630;sR:2010;\"\n\t\t\t\t\t\t\t\tdata-frame_999=\"o:0;st:w;sR:6360;\"\n\t\t\t\t\t\t\t\tstyle=\"z-index:10;background-color:#009933;font-family:'Poppins';\"\n\t\t\t\t\t\t\t>troquelada \n\t\t\t\t\t\t\t<\/rs-layer><!--\n\n\t\t\t\t\t\t\t--><a\n\t\t\t\t\t\t\t\tid=\"slider-5-slide-14-layer-8\" \n\t\t\t\t\t\t\t\tclass=\"rs-layer rev-btn\"\n\t\t\t\t\t\t\t\thref=\"https:\/\/boxify-mx.preview-domain.com\/?page_id=226\" target=\"_self\"\n\t\t\t\t\t\t\t\tdata-type=\"button\"\n\t\t\t\t\t\t\t\tdata-xy=\"x:l,l,c,c;xo:2px,2px,-308px,0;yo:444px,444px,450px,219px;\"\n\t\t\t\t\t\t\t\tdata-text=\"s:18,18,12,12;l:14;fw:700;a:inherit;\"\n\t\t\t\t\t\t\t\tdata-rsp_bd=\"off\"\n\t\t\t\t\t\t\t\tdata-padding=\"t:10;r:30;b:10;l:30;\"\n\t\t\t\t\t\t\t\tdata-border=\"bos:solid;boc:#009933;bow:3,3,3,3;bor:20px,20px,20px,20px;\"\n\t\t\t\t\t\t\t\tdata-frame_0=\"x:left;o:1;\"\n\t\t\t\t\t\t\t\tdata-frame_1=\"st:2150;sp:550;sR:2150;\"\n\t\t\t\t\t\t\t\tdata-frame_999=\"o:0;st:w;sR:6300;\"\n\t\t\t\t\t\t\t\tdata-frame_hover=\"c:#fff;bgc:#000;boc:#000;bor:0px,0px,0px,0px;bos:solid;bow:3,3,3,3;oX:50;oY:50;sp:0;e:none;\"\n\t\t\t\t\t\t\t\tstyle=\"z-index:9;background-color:#009933;font-family:'Arial', 'Helvetica', 'sans-serif';cursor:pointer;outline:none;box-shadow:none;box-sizing:border-box;-moz-box-sizing:border-box;-webkit-box-sizing:border-box;\"\n\t\t\t\t\t\t\t>Contactanos \n\t\t\t\t\t\t\t<\/a><!--\n\n\t\t\t\t\t\t\t--><rs-layer\n\t\t\t\t\t\t\t\tid=\"slider-5-slide-14-layer-14\" \n\t\t\t\t\t\t\t\tdata-type=\"image\"\n\t\t\t\t\t\t\t\tdata-rsp_ch=\"on\"\n\t\t\t\t\t\t\t\tdata-xy=\"x:c;xo:-144px,-137px,-34px,5px;y:m;\"\n\t\t\t\t\t\t\t\tdata-text=\"l:22;a:inherit;\"\n\t\t\t\t\t\t\t\tdata-dim=\"w:350px,350px,280px,280px;h:350px,350px,232px,232px;\"\n\t\t\t\t\t\t\t\tdata-frame_0=\"y:bottom;o:1;rX:-20deg;rY:-20deg;\"\n\t\t\t\t\t\t\t\tdata-frame_1=\"e:power3.out;st:920;sp:1500;sR:920;\"\n\t\t\t\t\t\t\t\tdata-frame_999=\"o:0;st:w;sR:6580;\"\n\t\t\t\t\t\t\t\tstyle=\"z-index:7;\"\n\t\t\t\t\t\t\t><img loading=\"lazy\" decoding=\"async\" src=\"\/\/boxify.mx\/wp-content\/plugins\/revslider\/public\/assets\/assets\/dummy.png\" alt=\"\" class=\"tp-rs-img rs-lazyload\" width=\"500\" height=\"500\" data-lazyload=\"\/\/boxify.mx\/wp-content\/uploads\/2024\/02\/Cajatroquelada-removebg-preview.png\" data-no-retina> \n\t\t\t\t\t\t\t<\/rs-layer><!--\n\n\t\t\t\t\t\t\t--><rs-layer\n\t\t\t\t\t\t\t\tid=\"slider-5-slide-14-layer-15\" \n\t\t\t\t\t\t\t\tdata-type=\"image\"\n\t\t\t\t\t\t\t\tdata-rsp_ch=\"on\"\n\t\t\t\t\t\t\t\tdata-xy=\"x:c;xo:282px,255px,247px,0;y:m;yo:0,0,0,192px;\"\n\t\t\t\t\t\t\t\tdata-text=\"l:22;a:inherit;\"\n\t\t\t\t\t\t\t\tdata-dim=\"w:540px,450px,300px,300px;h:314px,262px,175px,175px;\"\n\t\t\t\t\t\t\t\tdata-frame_0=\"sX:0.9;sY:0.9;\"\n\t\t\t\t\t\t\t\tdata-frame_1=\"e:power2.out;st:460;sp:1000;sR:460;\"\n\t\t\t\t\t\t\t\tdata-frame_999=\"o:0;st:w;sR:7540;\"\n\t\t\t\t\t\t\t\tdata-loop_0=\"xR:10;yR:10;oX:50;oY:50;\"\n\t\t\t\t\t\t\t\tdata-loop_999=\"xR:10;yR:10;crd:t;sp:2000;yys:t;yyf:t;\"\n\t\t\t\t\t\t\t\tstyle=\"z-index:6;\"\n\t\t\t\t\t\t\t><img decoding=\"async\" src=\"\/\/boxify.mx\/wp-content\/plugins\/revslider\/public\/assets\/assets\/dummy.png\" alt=\"\" class=\"tp-rs-img rs-lazyload\" width=\"359\" height=\"209\" data-lazyload=\"\/\/boxify.mx\/wp-content\/uploads\/2024\/02\/cuadro.png\" data-no-retina> \n\t\t\t\t\t\t\t<\/rs-layer><!--\n-->\t\t\t\t\t\t<\/rs-slide>\n\t\t\t\t\t\t<rs-slide style=\"position: absolute;\" data-key=\"rs-15\" data-title=\"Slide\" data-in=\"o:1;\" data-out=\"x:(-100%);\">\n\t\t\t\t\t\t\t<img decoding=\"async\" src=\"\/\/boxify.mx\/wp-content\/plugins\/revslider\/public\/assets\/assets\/dummy.png\" alt=\"Slide\" title=\"Productos\" class=\"rev-slidebg tp-rs-img rs-lazyload\" data-lazyload=\"\/\/boxify.mx\/wp-content\/plugins\/revslider\/public\/assets\/assets\/transparent.png\" data-bg=\"c:#ffffff;\" data-parallax=\"off\" data-no-retina>\n<!--\n\t\t\t\t\t\t\t--><rs-layer\n\t\t\t\t\t\t\t\tid=\"slider-5-slide-15-layer-0\" \n\t\t\t\t\t\t\t\tdata-type=\"text\"\n\t\t\t\t\t\t\t\tdata-color=\"#000000\"\n\t\t\t\t\t\t\t\tdata-rsp_ch=\"on\"\n\t\t\t\t\t\t\t\tdata-xy=\"x:l,l,l,c;xo:662px,570px,503px,0;y:m;yo:0,0,0,190px;\"\n\t\t\t\t\t\t\t\tdata-text=\"w:normal;s:20,16,12,11;l:25,20,15,13;\"\n\t\t\t\t\t\t\t\tdata-frame_0=\"x:left;o:1;\"\n\t\t\t\t\t\t\t\tdata-frame_1=\"st:2010;sp:630;sR:2010;\"\n\t\t\t\t\t\t\t\tdata-frame_999=\"o:0;st:w;sR:6360;\"\n\t\t\t\t\t\t\t\tstyle=\"z-index:11;font-family:'Arial', 'Helvetica', 'sans-serif';\"\n\t\t\t\t\t\t\t>Una bandeja de exhibici\u00f3n de cart\u00f3n <br>es un tipo de soporte hecho de este material que<br> se emplea para presentar productos en tiendas. <br>Estas bandejas est\u00e1n dise\u00f1adas para exhibir <br>los productos de forma atractiva y ordenada, <br>facilitando su visualizaci\u00f3n y acceso<br> para los clientes. \n\t\t\t\t\t\t\t<\/rs-layer><!--\n\n\t\t\t\t\t\t\t--><rs-layer\n\t\t\t\t\t\t\t\tid=\"slider-5-slide-15-layer-3\" \n\t\t\t\t\t\t\t\tdata-type=\"text\"\n\t\t\t\t\t\t\t\tdata-color=\"#009933\"\n\t\t\t\t\t\t\t\tdata-rsp_ch=\"on\"\n\t\t\t\t\t\t\t\tdata-xy=\"x:l,l,c,c;xo:3px,3px,-273px,0;y:t,t,m,t;yo:331px,331px,-30px,103px;\"\n\t\t\t\t\t\t\t\tdata-text=\"s:50,40,37,50;l:22;fw:700;a:inherit;\"\n\t\t\t\t\t\t\t\tdata-frame_0=\"x:left;o:1;\"\n\t\t\t\t\t\t\t\tdata-frame_1=\"st:1870;sp:690;sR:1870;\"\n\t\t\t\t\t\t\t\tdata-frame_999=\"o:0;st:w;sR:6440;\"\n\t\t\t\t\t\t\t\tstyle=\"z-index:8;font-family:'Poppins';\"\n\t\t\t\t\t\t\t>Charolas de  \n\t\t\t\t\t\t\t<\/rs-layer><!--\n\n\t\t\t\t\t\t\t--><rs-layer\n\t\t\t\t\t\t\t\tid=\"slider-5-slide-15-layer-4\" \n\t\t\t\t\t\t\t\tdata-type=\"text\"\n\t\t\t\t\t\t\t\tdata-rsp_ch=\"on\"\n\t\t\t\t\t\t\t\tdata-xy=\"x:l,l,c,c;xo:1px,1px,-284px,0;y:t,t,m,t;yo:368px,368px,26px,146px;\"\n\t\t\t\t\t\t\t\tdata-text=\"s:50,31,30,50;l:22;fw:700;a:inherit;\"\n\t\t\t\t\t\t\t\tdata-padding=\"t:20;r:20;b:20;l:5;\"\n\t\t\t\t\t\t\t\tdata-frame_0=\"x:left;o:1;\"\n\t\t\t\t\t\t\t\tdata-frame_1=\"st:2010;sp:630;sR:2010;\"\n\t\t\t\t\t\t\t\tdata-frame_999=\"o:0;st:w;sR:6360;\"\n\t\t\t\t\t\t\t\tstyle=\"z-index:10;background-color:#009933;font-family:'Poppins';\"\n\t\t\t\t\t\t\t>exhibici\u00f3n \n\t\t\t\t\t\t\t<\/rs-layer><!--\n\n\t\t\t\t\t\t\t--><a\n\t\t\t\t\t\t\t\tid=\"slider-5-slide-15-layer-8\" \n\t\t\t\t\t\t\t\tclass=\"rs-layer rev-btn\"\n\t\t\t\t\t\t\t\thref=\"https:\/\/boxify-mx.preview-domain.com\/?page_id=226\" target=\"_self\"\n\t\t\t\t\t\t\t\tdata-type=\"button\"\n\t\t\t\t\t\t\t\tdata-xy=\"x:l,l,c,c;xo:2px,2px,-308px,0;yo:444px,444px,450px,219px;\"\n\t\t\t\t\t\t\t\tdata-text=\"s:18,18,12,12;l:14;fw:700;a:inherit;\"\n\t\t\t\t\t\t\t\tdata-rsp_bd=\"off\"\n\t\t\t\t\t\t\t\tdata-padding=\"t:10;r:30;b:10;l:30;\"\n\t\t\t\t\t\t\t\tdata-border=\"bos:solid;boc:#009933;bow:3,3,3,3;bor:20px,20px,20px,20px;\"\n\t\t\t\t\t\t\t\tdata-frame_0=\"x:left;o:1;\"\n\t\t\t\t\t\t\t\tdata-frame_1=\"st:2150;sp:550;sR:2150;\"\n\t\t\t\t\t\t\t\tdata-frame_999=\"o:0;st:w;sR:6300;\"\n\t\t\t\t\t\t\t\tdata-frame_hover=\"c:#fff;bgc:#000;boc:#000;bor:0px,0px,0px,0px;bos:solid;bow:3,3,3,3;oX:50;oY:50;sp:0;e:none;\"\n\t\t\t\t\t\t\t\tstyle=\"z-index:9;background-color:#009933;font-family:'Arial', 'Helvetica', 'sans-serif';cursor:pointer;outline:none;box-shadow:none;box-sizing:border-box;-moz-box-sizing:border-box;-webkit-box-sizing:border-box;\"\n\t\t\t\t\t\t\t>Contactanos \n\t\t\t\t\t\t\t<\/a><!--\n\n\t\t\t\t\t\t\t--><rs-layer\n\t\t\t\t\t\t\t\tid=\"slider-5-slide-15-layer-14\" \n\t\t\t\t\t\t\t\tdata-type=\"image\"\n\t\t\t\t\t\t\t\tdata-rsp_ch=\"on\"\n\t\t\t\t\t\t\t\tdata-xy=\"x:c;xo:-150px,-137px,-34px,5px;y:m;\"\n\t\t\t\t\t\t\t\tdata-text=\"l:22;a:inherit;\"\n\t\t\t\t\t\t\t\tdata-dim=\"w:350px,350px,280px,280px;h:350px,350px,232px,232px;\"\n\t\t\t\t\t\t\t\tdata-frame_0=\"y:bottom;o:1;rX:-20deg;rY:-20deg;\"\n\t\t\t\t\t\t\t\tdata-frame_1=\"e:power3.out;st:920;sp:1500;sR:920;\"\n\t\t\t\t\t\t\t\tdata-frame_999=\"o:0;st:w;sR:6580;\"\n\t\t\t\t\t\t\t\tstyle=\"z-index:7;\"\n\t\t\t\t\t\t\t><img loading=\"lazy\" decoding=\"async\" src=\"\/\/boxify.mx\/wp-content\/plugins\/revslider\/public\/assets\/assets\/dummy.png\" alt=\"\" class=\"tp-rs-img rs-lazyload\" width=\"500\" height=\"500\" data-lazyload=\"\/\/boxify.mx\/wp-content\/uploads\/2024\/02\/Charola-removebg-preview.png\" data-no-retina> \n\t\t\t\t\t\t\t<\/rs-layer><!--\n\n\t\t\t\t\t\t\t--><rs-layer\n\t\t\t\t\t\t\t\tid=\"slider-5-slide-15-layer-15\" \n\t\t\t\t\t\t\t\tdata-type=\"image\"\n\t\t\t\t\t\t\t\tdata-rsp_ch=\"on\"\n\t\t\t\t\t\t\t\tdata-xy=\"x:c;xo:282px,255px,255px,0;y:m;yo:0,0,0,192px;\"\n\t\t\t\t\t\t\t\tdata-text=\"l:22;a:inherit;\"\n\t\t\t\t\t\t\t\tdata-dim=\"w:540px,534px,300px,300px;h:314px,311px,175px,175px;\"\n\t\t\t\t\t\t\t\tdata-frame_0=\"sX:0.9;sY:0.9;\"\n\t\t\t\t\t\t\t\tdata-frame_1=\"e:power2.out;st:460;sp:1000;sR:460;\"\n\t\t\t\t\t\t\t\tdata-frame_999=\"o:0;st:w;sR:7540;\"\n\t\t\t\t\t\t\t\tdata-loop_0=\"xR:10;yR:10;oX:50;oY:50;\"\n\t\t\t\t\t\t\t\tdata-loop_999=\"xR:10;yR:10;crd:t;sp:2000;yys:t;yyf:t;\"\n\t\t\t\t\t\t\t\tstyle=\"z-index:6;\"\n\t\t\t\t\t\t\t><img decoding=\"async\" src=\"\/\/boxify.mx\/wp-content\/plugins\/revslider\/public\/assets\/assets\/dummy.png\" alt=\"\" class=\"tp-rs-img rs-lazyload\" width=\"359\" height=\"209\" data-lazyload=\"\/\/boxify.mx\/wp-content\/uploads\/2024\/02\/cuadro.png\" data-no-retina> \n\t\t\t\t\t\t\t<\/rs-layer><!--\n-->\t\t\t\t\t\t<\/rs-slide>\n\t\t\t\t\t<\/rs-slides>\n\t\t\t\t\t<rs-static-layers class=\"rs-stl-visible\"><!--\n\t\t\t\t\t--><\/rs-static-layers>\n\t\t\t\t<\/rs-module>\n\t\t\t\t<script>\n\t\t\t\t\tsetREVStartSize({c: 'rev_slider_5_1',rl:[1240,1024,778,480],el:[867.988,767.986,760,720],gw:[1240,1024,778,480],gh:[868,768,760,720],type:'standard',justify:'',layout:'fullwidth',mh:\"0\"});if (window.RS_MODULES!==undefined && window.RS_MODULES.modules!==undefined && window.RS_MODULES.modules[\"revslider51\"]!==undefined) {window.RS_MODULES.modules[\"revslider51\"].once = false;window.revapi5 = undefined;if (window.RS_MODULES.checkMinimal!==undefined) window.RS_MODULES.checkMinimal()}\n\t\t\t\t<\/script>\n\t\t\t<\/rs-module-wrap>\n\t\t\t<!-- END REVOLUTION SLIDER -->\n<\/div>\n\n\t\t\t\t\t\t<\/div>\n\t\t\t\t<\/div>\n\t\t\t\t\t<\/div>\n\t\t\t\t<\/div>\n\t\t\t\t<\/div>\n\t\t","protected":false},"excerpt":{"rendered":"<p>Ofrecemos varios tipos de empaques y embalajes<\/p>\n","protected":false},"author":1,"featured_media":0,"parent":0,"menu_order":0,"comment_status":"closed","ping_status":"closed","template":"elementor_header_footer","meta":{"footnotes":""},"class_list":["post-93","page","type-page","status-publish","hentry"],"_links":{"self":[{"href":"https:\/\/boxify.mx\/index.php?rest_route=\/wp\/v2\/pages\/93"}],"collection":[{"href":"https:\/\/boxify.mx\/index.php?rest_route=\/wp\/v2\/pages"}],"about":[{"href":"https:\/\/boxify.mx\/index.php?rest_route=\/wp\/v2\/types\/page"}],"author":[{"embeddable":true,"href":"https:\/\/boxify.mx\/index.php?rest_route=\/wp\/v2\/users\/1"}],"replies":[{"embeddable":true,"href":"https:\/\/boxify.mx\/index.php?rest_route=%2Fwp%2Fv2%2Fcomments&post=93"}],"version-history":[{"count":82,"href":"https:\/\/boxify.mx\/index.php?rest_route=\/wp\/v2\/pages\/93\/revisions"}],"predecessor-version":[{"id":424,"href":"https:\/\/boxify.mx\/index.php?rest_route=\/wp\/v2\/pages\/93\/revisions\/424"}],"wp:attachment":[{"href":"https:\/\/boxify.mx\/index.php?rest_route=%2Fwp%2Fv2%2Fmedia&parent=93"}],"curies":[{"name":"wp","href":"https:\/\/api.w.org\/{rel}","templated":true}]}}